{"id":20,"date":"2026-03-09T12:46:40","date_gmt":"2026-03-09T12:46:40","guid":{"rendered":"https:\/\/tattooerzgebirge.com\/?page_id=20"},"modified":"2026-03-27T05:27:49","modified_gmt":"2026-03-27T05:27:49","slug":"startseite","status":"publish","type":"page","link":"https:\/\/tattooerzgebirge.com\/","title":{"rendered":"Startseite"},"content":{"rendered":"\t\t<div data-elementor-type=\"wp-page\" data-elementor-id=\"20\" class=\"elementor elementor-20\" data-elementor-post-type=\"page\">\n\t\t\t\t<div class=\"elementor-element elementor-element-cc978d3 e-con-full e-flex e-con e-parent\" data-id=\"cc978d3\" data-element_type=\"container\" data-e-type=\"container\" data-settings=\"{&quot;background_background&quot;:&quot;classic&quot;}\">\n\t\t<div class=\"elementor-element elementor-element-5ac892e e-con-full e-flex e-con e-child\" data-id=\"5ac892e\" data-element_type=\"container\" data-e-type=\"container\" data-settings=\"{&quot;background_background&quot;:&quot;classic&quot;}\">\n\t\t<div class=\"elementor-element elementor-element-93a2ba0 e-con-full e-flex e-con e-child\" data-id=\"93a2ba0\" data-element_type=\"container\" data-e-type=\"container\">\n\t\t\t\t<div class=\"elementor-element elementor-element-b499a5e elementor-invisible elementor-widget elementor-widget-image\" data-id=\"b499a5e\" data-element_type=\"widget\" data-e-type=\"widget\" data-settings=\"{&quot;_animation&quot;:&quot;fadeInLeft&quot;}\" data-widget_type=\"image.default\">\n\t\t\t\t\t\t\t\t\t\t\t\t\t\t\t<img decoding=\"async\" width=\"253\" height=\"169\" src=\"https:\/\/tattooerzgebirge.com\/wp-content\/uploads\/2026\/03\/Logo-2026-klein.png\" class=\"attachment-large size-large wp-image-50\" alt=\"\" \/>\t\t\t\t\t\t\t\t\t\t\t\t\t\t\t<\/div>\n\t\t\t\t<\/div>\n\t\t<div class=\"elementor-element elementor-element-e20acbf e-con-full e-flex e-con e-child\" data-id=\"e20acbf\" data-element_type=\"container\" data-e-type=\"container\">\n\t\t\t\t<div class=\"elementor-element elementor-element-a85f7f6 elementor-align-center elementor-invisible elementor-widget elementor-widget-button\" data-id=\"a85f7f6\" data-element_type=\"widget\" data-e-type=\"widget\" data-settings=\"{&quot;_animation&quot;:&quot;fadeInRight&quot;}\" data-widget_type=\"button.default\">\n\t\t\t\t\t\t\t\t\t\t<a class=\"elementor-button elementor-button-link elementor-size-sm\" href=\"https:\/\/tattooerzgebirge.com\/?page_id=25\">\n\t\t\t\t\t\t<span class=\"elementor-button-content-wrapper\">\n\t\t\t\t\t\t\t\t\t<span class=\"elementor-button-text\">Tattoo - Termin anfragen<\/span>\n\t\t\t\t\t<\/span>\n\t\t\t\t\t<\/a>\n\t\t\t\t\t\t\t\t<\/div>\n\t\t\t\t<\/div>\n\t\t\t\t<\/div>\n\t\t\t\t<\/div>\n\t\t<div class=\"elementor-element elementor-element-73a6245 e-flex e-con-boxed e-con e-parent\" data-id=\"73a6245\" data-element_type=\"container\" data-e-type=\"container\" data-settings=\"{&quot;background_background&quot;:&quot;classic&quot;}\">\n\t\t\t\t\t<div class=\"e-con-inner\">\n\t\t<div class=\"elementor-element elementor-element-d00e00c e-con-full e-flex e-con e-child\" data-id=\"d00e00c\" data-element_type=\"container\" data-e-type=\"container\" data-settings=\"{&quot;motion_fx_motion_fx_scrolling&quot;:&quot;yes&quot;,&quot;motion_fx_translateY_effect&quot;:&quot;yes&quot;,&quot;motion_fx_translateY_affectedRange&quot;:{&quot;unit&quot;:&quot;%&quot;,&quot;size&quot;:&quot;&quot;,&quot;sizes&quot;:{&quot;start&quot;:0,&quot;end&quot;:49}},&quot;motion_fx_translateY_speed&quot;:{&quot;unit&quot;:&quot;px&quot;,&quot;size&quot;:4,&quot;sizes&quot;:[]},&quot;motion_fx_devices&quot;:[&quot;desktop&quot;,&quot;tablet&quot;,&quot;mobile&quot;]}\">\n\t\t\t\t<div class=\"elementor-element elementor-element-2b7aa7f elementor-invisible elementor-widget elementor-widget-heading\" data-id=\"2b7aa7f\" data-element_type=\"widget\" data-e-type=\"widget\" data-settings=\"{&quot;_animation&quot;:&quot;fadeInLeft&quot;}\" data-widget_type=\"heading.default\">\n\t\t\t\t\t<h2 class=\"elementor-heading-title elementor-size-default\">dein studio in<br> Oberwiesenthal <\/h2>\t\t\t\t<\/div>\n\t\t\t\t<div class=\"elementor-element elementor-element-5901a37 elementor-invisible elementor-widget elementor-widget-text-editor\" data-id=\"5901a37\" data-element_type=\"widget\" data-e-type=\"widget\" data-settings=\"{&quot;_animation&quot;:&quot;fadeInLeft&quot;,&quot;_animation_delay&quot;:400}\" data-widget_type=\"text-editor.default\">\n\t\t\t\t\t\t\t\t\t<p class=\"font_7 wixui-rich-text__text\"><strong><span class=\"color_15 wixui-rich-text__text\">HAAMIT Tattoo<br \/><\/span><\/strong><span class=\"color_15 wixui-rich-text__text\">Du hast <strong>Fragen zu einem Termin<\/strong> oder m\u00f6chtest erstmal zur <strong>Beratung<\/strong> kommen?<\/span><span class=\"color_15 wixui-rich-text__text\"><br \/><\/span><span class=\"color_15 wixui-rich-text__text\">Dann melde dich gern per <\/span><strong><span class=\"color_15 wixui-rich-text__text\">WhatsApp:<br \/><\/span><\/strong><\/p><p class=\"font_7 wixui-rich-text__text\"><strong><span class=\"color_15 wixui-rich-text__text\">0152-33780451<\/span><\/strong><\/p>\t\t\t\t\t\t\t\t<\/div>\n\t\t\t\t<div class=\"elementor-element elementor-element-85b585f elementor-align-left elementor-invisible elementor-widget elementor-widget-button\" data-id=\"85b585f\" data-element_type=\"widget\" data-e-type=\"widget\" data-settings=\"{&quot;_animation&quot;:&quot;fadeInRight&quot;}\" data-widget_type=\"button.default\">\n\t\t\t\t\t\t\t\t\t\t<a class=\"elementor-button elementor-button-link elementor-size-sm\" href=\"https:\/\/tattooerzgebirge.com\/?page_id=25\">\n\t\t\t\t\t\t<span class=\"elementor-button-content-wrapper\">\n\t\t\t\t\t\t\t\t\t<span class=\"elementor-button-text\">Tattoo - termin anfragen<\/span>\n\t\t\t\t\t<\/span>\n\t\t\t\t\t<\/a>\n\t\t\t\t\t\t\t\t<\/div>\n\t\t\t\t<\/div>\n\t\t<div class=\"elementor-element elementor-element-f96b220 e-con-full e-flex e-con e-child\" data-id=\"f96b220\" data-element_type=\"container\" data-e-type=\"container\">\n\t\t\t\t<div class=\"elementor-element elementor-element-fb59986 elementor-widget elementor-widget-image\" data-id=\"fb59986\" data-element_type=\"widget\" data-e-type=\"widget\" data-settings=\"{&quot;motion_fx_motion_fx_scrolling&quot;:&quot;yes&quot;,&quot;motion_fx_translateY_effect&quot;:&quot;yes&quot;,&quot;motion_fx_translateY_affectedRange&quot;:{&quot;unit&quot;:&quot;%&quot;,&quot;size&quot;:&quot;&quot;,&quot;sizes&quot;:{&quot;start&quot;:23,&quot;end&quot;:100}},&quot;motion_fx_translateY_speed&quot;:{&quot;unit&quot;:&quot;px&quot;,&quot;size&quot;:4,&quot;sizes&quot;:[]},&quot;motion_fx_devices&quot;:[&quot;desktop&quot;,&quot;tablet&quot;,&quot;mobile&quot;]}\" data-widget_type=\"image.default\">\n\t\t\t\t\t\t\t\t\t\t\t\t\t\t\t<img fetchpriority=\"high\" decoding=\"async\" width=\"360\" height=\"396\" src=\"https:\/\/tattooerzgebirge.com\/wp-content\/uploads\/2026\/03\/1.png\" class=\"attachment-large size-large wp-image-169\" alt=\"\" srcset=\"https:\/\/tattooerzgebirge.com\/wp-content\/uploads\/2026\/03\/1.png 360w, https:\/\/tattooerzgebirge.com\/wp-content\/uploads\/2026\/03\/1-273x300.png 273w\" sizes=\"(max-width: 360px) 100vw, 360px\" \/>\t\t\t\t\t\t\t\t\t\t\t\t\t\t\t<\/div>\n\t\t\t\t<\/div>\n\t\t\t\t\t<\/div>\n\t\t\t\t<\/div>\n\t\t<div class=\"elementor-element elementor-element-42c81aa elementor-hidden-tablet elementor-hidden-mobile e-flex e-con-boxed e-con e-parent\" data-id=\"42c81aa\" data-element_type=\"container\" data-e-type=\"container\">\n\t\t\t\t\t<div class=\"e-con-inner\">\n\t\t<div class=\"elementor-element elementor-element-27c6403 e-con-full e-flex e-con e-child\" data-id=\"27c6403\" data-element_type=\"container\" data-e-type=\"container\">\n\t\t\t\t<div class=\"elementor-element elementor-element-08ce0f0 elementor-widget elementor-widget-image\" data-id=\"08ce0f0\" data-element_type=\"widget\" data-e-type=\"widget\" data-widget_type=\"image.default\">\n\t\t\t\t\t\t\t\t\t\t\t\t\t\t\t<img decoding=\"async\" width=\"351\" height=\"341\" src=\"https:\/\/tattooerzgebirge.com\/wp-content\/uploads\/2026\/03\/6.png\" class=\"attachment-large size-large wp-image-186\" alt=\"\" srcset=\"https:\/\/tattooerzgebirge.com\/wp-content\/uploads\/2026\/03\/6.png 351w, https:\/\/tattooerzgebirge.com\/wp-content\/uploads\/2026\/03\/6-300x291.png 300w\" sizes=\"(max-width: 351px) 100vw, 351px\" \/>\t\t\t\t\t\t\t\t\t\t\t\t\t\t\t<\/div>\n\t\t<div class=\"elementor-element elementor-element-1c1da42 e-con-full e-flex e-con e-child\" data-id=\"1c1da42\" data-element_type=\"container\" data-e-type=\"container\">\n\t\t\t\t<div class=\"elementor-element elementor-element-2d2d597 elementor-widget elementor-widget-heading\" data-id=\"2d2d597\" data-element_type=\"widget\" data-e-type=\"widget\" data-widget_type=\"heading.default\">\n\t\t\t\t\t<h2 class=\"elementor-heading-title elementor-size-default\">BERATUNG<\/h2>\t\t\t\t<\/div>\n\t\t\t\t<div class=\"elementor-element elementor-element-c81c31a elementor-widget elementor-widget-text-editor\" data-id=\"c81c31a\" data-element_type=\"widget\" data-e-type=\"widget\" data-widget_type=\"text-editor.default\">\n\t\t\t\t\t\t\t\t\t<p>Wie, was und wohin? Fragen die in einem pers\u00f6nlichen Gespr\u00e4ch einfacher zu kl\u00e4ren sind.<\/p>\t\t\t\t\t\t\t\t<\/div>\n\t\t\t\t<\/div>\n\t\t\t\t<\/div>\n\t\t<div class=\"elementor-element elementor-element-91fd86b e-con-full e-flex e-con e-child\" data-id=\"91fd86b\" data-element_type=\"container\" data-e-type=\"container\">\n\t\t\t\t<div class=\"elementor-element elementor-element-12d608f elementor-widget__width-initial elementor-widget elementor-widget-image\" data-id=\"12d608f\" data-element_type=\"widget\" data-e-type=\"widget\" data-widget_type=\"image.default\">\n\t\t\t\t\t\t\t\t\t\t\t\t\t\t\t<img loading=\"lazy\" decoding=\"async\" width=\"367\" height=\"341\" src=\"https:\/\/tattooerzgebirge.com\/wp-content\/uploads\/2026\/03\/4.png\" class=\"attachment-large size-large wp-image-184\" alt=\"\" \/>\t\t\t\t\t\t\t\t\t\t\t\t\t\t\t<\/div>\n\t\t<div class=\"elementor-element elementor-element-1d91b42 e-con-full e-flex e-con e-child\" data-id=\"1d91b42\" data-element_type=\"container\" data-e-type=\"container\">\n\t\t\t\t<div class=\"elementor-element elementor-element-06d0000 elementor-widget elementor-widget-heading\" data-id=\"06d0000\" data-element_type=\"widget\" data-e-type=\"widget\" data-widget_type=\"heading.default\">\n\t\t\t\t\t<h2 class=\"elementor-heading-title elementor-size-default\">ENTWURF<\/h2>\t\t\t\t<\/div>\n\t\t\t\t<div class=\"elementor-element elementor-element-8b856be elementor-widget elementor-widget-text-editor\" data-id=\"8b856be\" data-element_type=\"widget\" data-e-type=\"widget\" data-widget_type=\"text-editor.default\">\n\t\t\t\t\t\t\t\t\t<p>Du hast keine Idee wie etwas um zu setzen ist? Kein Problem! Ich visualisiere dir deine Idee.<\/p>\t\t\t\t\t\t\t\t<\/div>\n\t\t\t\t<\/div>\n\t\t\t\t<\/div>\n\t\t<div class=\"elementor-element elementor-element-a48e002 e-con-full e-flex e-con e-child\" data-id=\"a48e002\" data-element_type=\"container\" data-e-type=\"container\">\n\t\t\t\t<div class=\"elementor-element elementor-element-73e7908 elementor-widget elementor-widget-image\" data-id=\"73e7908\" data-element_type=\"widget\" data-e-type=\"widget\" data-widget_type=\"image.default\">\n\t\t\t\t\t\t\t\t\t\t\t\t\t\t\t<img loading=\"lazy\" decoding=\"async\" width=\"348\" height=\"257\" src=\"https:\/\/tattooerzgebirge.com\/wp-content\/uploads\/2026\/03\/7.png\" class=\"attachment-large size-large wp-image-187\" alt=\"\" srcset=\"https:\/\/tattooerzgebirge.com\/wp-content\/uploads\/2026\/03\/7.png 348w, https:\/\/tattooerzgebirge.com\/wp-content\/uploads\/2026\/03\/7-300x222.png 300w\" sizes=\"(max-width: 348px) 100vw, 348px\" \/>\t\t\t\t\t\t\t\t\t\t\t\t\t\t\t<\/div>\n\t\t<div class=\"elementor-element elementor-element-cd4197b e-con-full e-flex e-con e-child\" data-id=\"cd4197b\" data-element_type=\"container\" data-e-type=\"container\">\n\t\t\t\t<div class=\"elementor-element elementor-element-1ba61ad elementor-widget elementor-widget-heading\" data-id=\"1ba61ad\" data-element_type=\"widget\" data-e-type=\"widget\" data-widget_type=\"heading.default\">\n\t\t\t\t\t<h2 class=\"elementor-heading-title elementor-size-default\">COVER UP<\/h2>\t\t\t\t<\/div>\n\t\t\t\t<div class=\"elementor-element elementor-element-e172c74 elementor-widget elementor-widget-text-editor\" data-id=\"e172c74\" data-element_type=\"widget\" data-e-type=\"widget\" data-widget_type=\"text-editor.default\">\n\t\t\t\t\t\t\t\t\t<p class=\"font_8 wixui-rich-text__text\"><span class=\"wixui-rich-text__text\"><span class=\"color_15 wixui-rich-text__text\">Aus Alt mach Neu!<br \/><\/span><\/span><span style=\"font-family: var( --e-global-typography-text-font-family ), Sans-serif; font-size: var( --e-global-typography-text-font-size ); text-align: var(--text-align);\">Kann man das neu machen? Ja man kann!<\/span><\/p>\t\t\t\t\t\t\t\t<\/div>\n\t\t\t\t<\/div>\n\t\t\t\t<\/div>\n\t\t\t\t\t<\/div>\n\t\t\t\t<\/div>\n\t\t<div class=\"elementor-element elementor-element-284e441 elementor-hidden-desktop elementor-hidden-tablet e-flex e-con-boxed e-con e-parent\" data-id=\"284e441\" data-element_type=\"container\" data-e-type=\"container\">\n\t\t\t\t\t<div class=\"e-con-inner\">\n\t\t<div class=\"elementor-element elementor-element-bd846e8 e-con-full e-flex e-con e-child\" data-id=\"bd846e8\" data-element_type=\"container\" data-e-type=\"container\">\n\t\t\t\t<div class=\"elementor-element elementor-element-c760c92 elementor-widget elementor-widget-image\" data-id=\"c760c92\" data-element_type=\"widget\" data-e-type=\"widget\" data-widget_type=\"image.default\">\n\t\t\t\t\t\t\t\t\t\t\t\t\t\t\t<img decoding=\"async\" width=\"351\" height=\"341\" src=\"https:\/\/tattooerzgebirge.com\/wp-content\/uploads\/2026\/03\/6.png\" class=\"attachment-large size-large wp-image-186\" alt=\"\" srcset=\"https:\/\/tattooerzgebirge.com\/wp-content\/uploads\/2026\/03\/6.png 351w, https:\/\/tattooerzgebirge.com\/wp-content\/uploads\/2026\/03\/6-300x291.png 300w\" sizes=\"(max-width: 351px) 100vw, 351px\" \/>\t\t\t\t\t\t\t\t\t\t\t\t\t\t\t<\/div>\n\t\t<div class=\"elementor-element elementor-element-d7fb2b0 e-con-full e-flex e-con e-child\" data-id=\"d7fb2b0\" data-element_type=\"container\" data-e-type=\"container\">\n\t\t\t\t<div class=\"elementor-element elementor-element-ee05bc6 elementor-widget elementor-widget-heading\" data-id=\"ee05bc6\" data-element_type=\"widget\" data-e-type=\"widget\" data-widget_type=\"heading.default\">\n\t\t\t\t\t<h2 class=\"elementor-heading-title elementor-size-default\">BERATUNG<\/h2>\t\t\t\t<\/div>\n\t\t\t\t<div class=\"elementor-element elementor-element-c696faf elementor-widget elementor-widget-text-editor\" data-id=\"c696faf\" data-element_type=\"widget\" data-e-type=\"widget\" data-widget_type=\"text-editor.default\">\n\t\t\t\t\t\t\t\t\t<p>Wie, was und wohin? Fragen die in einem pers\u00f6nlichen Gespr\u00e4ch einfacher zu kl\u00e4ren sind.<\/p>\t\t\t\t\t\t\t\t<\/div>\n\t\t\t\t<\/div>\n\t\t\t\t<\/div>\n\t\t<div class=\"elementor-element elementor-element-7fc21ab e-con-full e-flex e-con e-child\" data-id=\"7fc21ab\" data-element_type=\"container\" data-e-type=\"container\">\n\t\t\t\t<div class=\"elementor-element elementor-element-3382a71 elementor-widget__width-initial elementor-widget elementor-widget-image\" data-id=\"3382a71\" data-element_type=\"widget\" data-e-type=\"widget\" data-widget_type=\"image.default\">\n\t\t\t\t\t\t\t\t\t\t\t\t\t\t\t<img loading=\"lazy\" decoding=\"async\" width=\"367\" height=\"341\" src=\"https:\/\/tattooerzgebirge.com\/wp-content\/uploads\/2026\/03\/4.png\" class=\"attachment-large size-large wp-image-184\" alt=\"\" \/>\t\t\t\t\t\t\t\t\t\t\t\t\t\t\t<\/div>\n\t\t<div class=\"elementor-element elementor-element-6f34c44 e-con-full e-flex e-con e-child\" data-id=\"6f34c44\" data-element_type=\"container\" data-e-type=\"container\">\n\t\t\t\t<div class=\"elementor-element elementor-element-b2931b3 elementor-widget elementor-widget-heading\" data-id=\"b2931b3\" data-element_type=\"widget\" data-e-type=\"widget\" data-widget_type=\"heading.default\">\n\t\t\t\t\t<h2 class=\"elementor-heading-title elementor-size-default\">ENTWURF<\/h2>\t\t\t\t<\/div>\n\t\t\t\t<div class=\"elementor-element elementor-element-fd38982 elementor-widget elementor-widget-text-editor\" data-id=\"fd38982\" data-element_type=\"widget\" data-e-type=\"widget\" data-widget_type=\"text-editor.default\">\n\t\t\t\t\t\t\t\t\t<p>Du hast keine Idee wie etwas um zu setzen ist? Kein Problem! Ich visualisiere dir deine Idee.<\/p>\t\t\t\t\t\t\t\t<\/div>\n\t\t\t\t<\/div>\n\t\t\t\t<\/div>\n\t\t<div class=\"elementor-element elementor-element-dc3ae05 e-con-full e-flex e-con e-child\" data-id=\"dc3ae05\" data-element_type=\"container\" data-e-type=\"container\">\n\t\t\t\t<div class=\"elementor-element elementor-element-eab3a21 elementor-widget elementor-widget-image\" data-id=\"eab3a21\" data-element_type=\"widget\" data-e-type=\"widget\" data-widget_type=\"image.default\">\n\t\t\t\t\t\t\t\t\t\t\t\t\t\t\t<img loading=\"lazy\" decoding=\"async\" width=\"348\" height=\"257\" src=\"https:\/\/tattooerzgebirge.com\/wp-content\/uploads\/2026\/03\/7.png\" class=\"attachment-large size-large wp-image-187\" alt=\"\" srcset=\"https:\/\/tattooerzgebirge.com\/wp-content\/uploads\/2026\/03\/7.png 348w, https:\/\/tattooerzgebirge.com\/wp-content\/uploads\/2026\/03\/7-300x222.png 300w\" sizes=\"(max-width: 348px) 100vw, 348px\" \/>\t\t\t\t\t\t\t\t\t\t\t\t\t\t\t<\/div>\n\t\t<div class=\"elementor-element elementor-element-f278a8b e-con-full e-flex e-con e-child\" data-id=\"f278a8b\" data-element_type=\"container\" data-e-type=\"container\">\n\t\t\t\t<div class=\"elementor-element elementor-element-f8e4014 elementor-widget elementor-widget-heading\" data-id=\"f8e4014\" data-element_type=\"widget\" data-e-type=\"widget\" data-widget_type=\"heading.default\">\n\t\t\t\t\t<h2 class=\"elementor-heading-title elementor-size-default\">COVER UP<\/h2>\t\t\t\t<\/div>\n\t\t\t\t<div class=\"elementor-element elementor-element-a3bd2b8 elementor-widget elementor-widget-text-editor\" data-id=\"a3bd2b8\" data-element_type=\"widget\" data-e-type=\"widget\" data-widget_type=\"text-editor.default\">\n\t\t\t\t\t\t\t\t\t<p class=\"font_8 wixui-rich-text__text\"><span class=\"wixui-rich-text__text\"><span class=\"color_15 wixui-rich-text__text\">Aus Alt mach Neu!<br \/><\/span><\/span><span style=\"font-family: var( --e-global-typography-text-font-family ), Sans-serif; font-size: var( --e-global-typography-text-font-size ); text-align: var(--text-align);\">Kann man das neu machen? Ja man kann!<\/span><\/p>\t\t\t\t\t\t\t\t<\/div>\n\t\t\t\t<\/div>\n\t\t\t\t<\/div>\n\t\t\t\t\t<\/div>\n\t\t\t\t<\/div>\n\t\t<div class=\"elementor-element elementor-element-ae504aa e-con-full e-flex e-con e-parent\" data-id=\"ae504aa\" data-element_type=\"container\" data-e-type=\"container\" data-settings=\"{&quot;background_background&quot;:&quot;classic&quot;}\">\n\t\t<div class=\"elementor-element elementor-element-42682cf e-con-full e-flex e-con e-child\" data-id=\"42682cf\" data-element_type=\"container\" data-e-type=\"container\">\n\t\t\t\t<div class=\"elementor-element elementor-element-d4d80c1 elementor-invisible elementor-widget elementor-widget-heading\" data-id=\"d4d80c1\" data-element_type=\"widget\" data-e-type=\"widget\" data-settings=\"{&quot;_animation&quot;:&quot;fadeInDown&quot;}\" data-widget_type=\"heading.default\">\n\t\t\t\t\t<h2 class=\"elementor-heading-title elementor-size-default\">BUCHE DEINEN EIGENEN TATTOO-TERMIN<\/h2>\t\t\t\t<\/div>\n\t\t\t\t<div class=\"elementor-element elementor-element-2b5efac elementor-align-center elementor-invisible elementor-widget elementor-widget-button\" data-id=\"2b5efac\" data-element_type=\"widget\" data-e-type=\"widget\" data-settings=\"{&quot;_animation&quot;:&quot;zoomIn&quot;}\" data-widget_type=\"button.default\">\n\t\t\t\t\t\t\t\t\t\t<a class=\"elementor-button elementor-button-link elementor-size-sm\" href=\"https:\/\/tattooerzgebirge.com\/?page_id=25\">\n\t\t\t\t\t\t<span class=\"elementor-button-content-wrapper\">\n\t\t\t\t\t\t\t\t\t<span class=\"elementor-button-text\">HIER GEHT ES ZU DEN FREIEN TERMINEN<\/span>\n\t\t\t\t\t<\/span>\n\t\t\t\t\t<\/a>\n\t\t\t\t\t\t\t\t<\/div>\n\t\t\t\t<\/div>\n\t\t\t\t<\/div>\n\t\t<div class=\"elementor-element elementor-element-7402ce0 e-flex e-con-boxed e-con e-parent\" data-id=\"7402ce0\" data-element_type=\"container\" data-e-type=\"container\" data-settings=\"{&quot;background_background&quot;:&quot;classic&quot;}\">\n\t\t\t\t\t<div class=\"e-con-inner\">\n\t\t<div class=\"elementor-element elementor-element-487978d e-con-full e-flex e-con e-child\" data-id=\"487978d\" data-element_type=\"container\" data-e-type=\"container\">\n\t\t\t\t<div class=\"elementor-element elementor-element-609e950 elementor-widget elementor-widget-heading\" data-id=\"609e950\" data-element_type=\"widget\" data-e-type=\"widget\" data-widget_type=\"heading.default\">\n\t\t\t\t\t<h2 class=\"elementor-heading-title elementor-size-default\">KONTAKT<\/h2>\t\t\t\t<\/div>\n\t\t<div class=\"elementor-element elementor-element-5d541b6 e-con-full e-flex e-con e-child\" data-id=\"5d541b6\" data-element_type=\"container\" data-e-type=\"container\">\n\t\t\t\t<div class=\"elementor-element elementor-element-9cd36eb elementor-widget__width-initial elementor-widget-mobile__width-initial elementor-widget elementor-widget-text-editor\" data-id=\"9cd36eb\" data-element_type=\"widget\" data-e-type=\"widget\" data-widget_type=\"text-editor.default\">\n\t\t\t\t\t\t\t\t\t<p class=\"font_7 wixui-rich-text__text\"><span class=\"color_15 wixui-rich-text__text\">HAAMIT Tattoo &#8211; Oberwiesenthal<\/span><\/p><p class=\"font_7 wixui-rich-text__text\"><span class=\"color_15 wixui-rich-text__text\">Patrick Engelst\u00e4dter<\/span><\/p><p class=\"font_7 wixui-rich-text__text\"><span class=\"color_15 wixui-rich-text__text\">S\u00fcdstr. 3<br \/><\/span><span class=\"color_15 wixui-rich-text__text\">09484 Oberwiesenthal<\/span><\/p><p class=\"font_7 wixui-rich-text__text\"><span class=\"color_15 wixui-rich-text__text\"><a class=\"wixui-rich-text__text\" href=\"mailto:tattooerzgebirge@gmail.com\" data-auto-recognition=\"true\">tattooerzgebirge@gmail.com<\/a><\/span><\/p>\t\t\t\t\t\t\t\t<\/div>\n\t\t<div class=\"elementor-element elementor-element-ccb615a e-con-full e-flex e-con e-child\" data-id=\"ccb615a\" data-element_type=\"container\" data-e-type=\"container\">\n\t\t\t\t<div class=\"elementor-element elementor-element-acd285c elementor-widget elementor-widget-heading\" data-id=\"acd285c\" data-element_type=\"widget\" data-e-type=\"widget\" data-widget_type=\"heading.default\">\n\t\t\t\t\t<h2 class=\"elementor-heading-title elementor-size-default\">FRAGEN?<\/h2>\t\t\t\t<\/div>\n\t\t\t\t<div class=\"elementor-element elementor-element-e974ffc elementor-view-default elementor-widget elementor-widget-icon\" data-id=\"e974ffc\" data-element_type=\"widget\" data-e-type=\"widget\" data-widget_type=\"icon.default\">\n\t\t\t\t\t\t\t<div class=\"elementor-icon-wrapper\">\n\t\t\t<div class=\"elementor-icon\">\n\t\t\t<svg aria-hidden=\"true\" class=\"e-font-icon-svg e-fab-whatsapp\" viewBox=\"0 0 448 512\" xmlns=\"http:\/\/www.w3.org\/2000\/svg\"><path d=\"M380.9 97.1C339 55.1 283.2 32 223.9 32c-122.4 0-222 99.6-222 222 0 39.1 10.2 77.3 29.6 111L0 480l117.7-30.9c32.4 17.7 68.9 27 106.1 27h.1c122.3 0 224.1-99.6 224.1-222 0-59.3-25.2-115-67.1-157zm-157 341.6c-33.2 0-65.7-8.9-94-25.7l-6.7-4-69.8 18.3L72 359.2l-4.4-7c-18.5-29.4-28.2-63.3-28.2-98.2 0-101.7 82.8-184.5 184.6-184.5 49.3 0 95.6 19.2 130.4 54.1 34.8 34.9 56.2 81.2 56.1 130.5 0 101.8-84.9 184.6-186.6 184.6zm101.2-138.2c-5.5-2.8-32.8-16.2-37.9-18-5.1-1.9-8.8-2.8-12.5 2.8-3.7 5.6-14.3 18-17.6 21.8-3.2 3.7-6.5 4.2-12 1.4-32.6-16.3-54-29.1-75.5-66-5.7-9.8 5.7-9.1 16.3-30.3 1.8-3.7.9-6.9-.5-9.7-1.4-2.8-12.5-30.1-17.1-41.2-4.5-10.8-9.1-9.3-12.5-9.5-3.2-.2-6.9-.2-10.6-.2-3.7 0-9.7 1.4-14.8 6.9-5.1 5.6-19.4 19-19.4 46.3 0 27.3 19.9 53.7 22.6 57.4 2.8 3.7 39.1 59.7 94.8 83.8 35.2 15.2 49 16.5 66.6 13.9 10.7-1.6 32.8-13.4 37.4-26.4 4.6-13 4.6-24.1 3.2-26.4-1.3-2.5-5-3.9-10.5-6.6z\"><\/path><\/svg>\t\t\t<\/div>\n\t\t<\/div>\n\t\t\t\t\t\t<\/div>\n\t\t\t\t<div class=\"elementor-element elementor-element-81895aa elementor-widget elementor-widget-text-editor\" data-id=\"81895aa\" data-element_type=\"widget\" data-e-type=\"widget\" data-widget_type=\"text-editor.default\">\n\t\t\t\t\t\t\t\t\t<p class=\"font_7 wixui-rich-text__text\"><span class=\"color_15 wixui-rich-text__text\">0152-33780451<\/span><\/p><p class=\"font_7 wixui-rich-text__text\">\u00a0<\/p>\t\t\t\t\t\t\t\t<\/div>\n\t\t\t\t<\/div>\n\t\t<div class=\"elementor-element elementor-element-801e8f1 e-con-full e-flex e-con e-child\" data-id=\"801e8f1\" data-element_type=\"container\" data-e-type=\"container\">\n\t\t\t\t<div class=\"elementor-element elementor-element-4da97da elementor-widget elementor-widget-google_maps\" data-id=\"4da97da\" data-element_type=\"widget\" data-e-type=\"widget\" data-widget_type=\"google_maps.default\">\n\t\t\t\t\t\t\t<div class=\"elementor-custom-embed\">\n\t\t\t<iframe loading=\"lazy\"\n\t\t\t\t\tsrc=\"https:\/\/maps.google.com\/maps?q=S%C3%BCdstr.%203%2C%2009484%20Oberwiesenthal&#038;t=m&#038;z=13&#038;output=embed&#038;iwloc=near\"\n\t\t\t\t\ttitle=\"S\u00fcdstr. 3, 09484 Oberwiesenthal\"\n\t\t\t\t\taria-label=\"S\u00fcdstr. 3, 09484 Oberwiesenthal\"\n\t\t\t><\/iframe>\n\t\t<\/div>\n\t\t\t\t\t\t<\/div>\n\t\t\t\t<\/div>\n\t\t\t\t<\/div>\n\t\t\t\t<\/div>\n\t\t\t\t\t<\/div>\n\t\t\t\t<\/div>\n\t\t\t\t<\/div>\n\t\t","protected":false},"excerpt":{"rendered":"<p>Tattoo &#8211; Termin anfragen dein studio in Oberwiesenthal HAAMIT TattooDu hast Fragen zu einem Termin oder m\u00f6chtest erstmal zur Beratung kommen?Dann melde dich gern per WhatsApp: 0152-33780451 Tattoo &#8211; termin anfragen BERATUNG Wie, was und wohin? Fragen die in einem pers\u00f6nlichen Gespr\u00e4ch einfacher zu kl\u00e4ren sind. ENTWURF Du hast keine Idee wie etwas um zu [&hellip;]<\/p>\n","protected":false},"author":1,"featured_media":0,"parent":0,"menu_order":0,"comment_status":"closed","ping_status":"closed","template":"elementor_theme","meta":{"footnotes":""},"class_list":["post-20","page","type-page","status-publish","hentry"],"_links":{"self":[{"href":"https:\/\/tattooerzgebirge.com\/index.php?rest_route=\/wp\/v2\/pages\/20","targetHints":{"allow":["GET"]}}],"collection":[{"href":"https:\/\/tattooerzgebirge.com\/index.php?rest_route=\/wp\/v2\/pages"}],"about":[{"href":"https:\/\/tattooerzgebirge.com\/index.php?rest_route=\/wp\/v2\/types\/page"}],"author":[{"embeddable":true,"href":"https:\/\/tattooerzgebirge.com\/index.php?rest_route=\/wp\/v2\/users\/1"}],"replies":[{"embeddable":true,"href":"https:\/\/tattooerzgebirge.com\/index.php?rest_route=%2Fwp%2Fv2%2Fcomments&post=20"}],"version-history":[{"count":161,"href":"https:\/\/tattooerzgebirge.com\/index.php?rest_route=\/wp\/v2\/pages\/20\/revisions"}],"predecessor-version":[{"id":634,"href":"https:\/\/tattooerzgebirge.com\/index.php?rest_route=\/wp\/v2\/pages\/20\/revisions\/634"}],"wp:attachment":[{"href":"https:\/\/tattooerzgebirge.com\/index.php?rest_route=%2Fwp%2Fv2%2Fmedia&parent=20"}],"curies":[{"name":"wp","href":"https:\/\/api.w.org\/{rel}","templated":true}]}}